{"id":417,"date":"2026-03-19T21:20:30","date_gmt":"2026-03-19T20:20:30","guid":{"rendered":"https:\/\/senperen-jauregi.eus\/?page_id=417"},"modified":"2026-03-19T22:32:20","modified_gmt":"2026-03-19T21:32:20","slug":"espace-membres","status":"publish","type":"page","link":"https:\/\/senperen-jauregi.eus\/index.php\/espace-membres\/","title":{"rendered":"Espace membres"},"content":{"rendered":"\n<h2 class=\"wp-block-heading\"><br>Acc\u00e8s aux fonds priv\u00e9s Bilduma, Lankide et Eleka<\/h2>\n\n\n\n<p id=\"block-7c256218-e0e5-4ec6-8434-d859aa38a993\"><a href=\"https:\/\/senperen-jauregi.eus\/index.php\/exemple-de-page-protegee-par-mot-de-passe-1\/\">Bilduma<\/a> : documents (fonds Lapurdi, Nafarroa et Jauregi, ainsi que d&rsquo;autres documents) accessibles pour tout le monde.<\/p>\n\n\n\n<p id=\"block-b532aa29-dc89-4c3c-b8ca-a1e55f4b4e6b\">Pour acc\u00e9der aux pages <a href=\"https:\/\/senperen-jauregi.eus\/index.php\/lankide\/\">Lankide<\/a> et <a href=\"https:\/\/senperen-jauregi.eus\/index.php\/eleka\/\">Eleka<\/a>, un mot de passe vous sera demand\u00e9.<\/p>\n\n\n\n<p id=\"block-203cacf9-c783-4be3-84c2-ec398b66c3cf\">Si vous n&rsquo;avez pas de mot de passe, utilisez le <a href=\"https:\/\/senperen-jauregi.eus\/index.php\/formulaire-de-contact\/\">formulaire de contact<\/a> pour le demander.<\/p>\n\n\n\n<p id=\"block-542e8a3e-df77-4e90-bde2-67c608ee8858\">Le contenu de la page est maintenant affich\u00e9. Une liste de documents vous est propos\u00e9e, vous pouvez cliquer sur le titre ou sur le bouton \u00ab\u00a0T\u00e9l\u00e9charger\u00a0\u00bb \u00e0 c\u00f4t\u00e9 du titre pour consulter ou t\u00e9l\u00e9charger le document.<\/p>\n\n\n\n<p id=\"block-068f624f-dacc-4346-bbdc-7f79678fb138\">Un des objectifs de ces pages sera de vous proposer de t\u00e9l\u00e9verser des documents pour le site web ou pour le travail communautaire.<\/p>\n","protected":false},"excerpt":{"rendered":"<p>Acc\u00e8s aux fonds priv\u00e9s Bilduma, Lankide et Eleka Bilduma : documents (fonds Lapurdi, Nafarroa et Jauregi, ainsi que d&rsquo;autres documents) accessibles pour tout le monde. Pour acc\u00e9der aux pages Lankide et Eleka, un mot de passe vous sera demand\u00e9. Si vous n&rsquo;avez pas de mot de passe, utilisez le formulaire de contact pour le demander. [&hellip;]<\/p>\n","protected":false},"author":3,"featured_media":0,"parent":0,"menu_order":0,"comment_status":"closed","ping_status":"closed","template":"","meta":{"footnotes":""},"class_list":["post-417","page","type-page","status-publish","hentry"],"_links":{"self":[{"href":"https:\/\/senperen-jauregi.eus\/index.php\/wp-json\/wp\/v2\/pages\/417","targetHints":{"allow":["GET"]}}],"collection":[{"href":"https:\/\/senperen-jauregi.eus\/index.php\/wp-json\/wp\/v2\/pages"}],"about":[{"href":"https:\/\/senperen-jauregi.eus\/index.php\/wp-json\/wp\/v2\/types\/page"}],"author":[{"embeddable":true,"href":"https:\/\/senperen-jauregi.eus\/index.php\/wp-json\/wp\/v2\/users\/3"}],"replies":[{"embeddable":true,"href":"https:\/\/senperen-jauregi.eus\/index.php\/wp-json\/wp\/v2\/comments?post=417"}],"version-history":[{"count":3,"href":"https:\/\/senperen-jauregi.eus\/index.php\/wp-json\/wp\/v2\/pages\/417\/revisions"}],"predecessor-version":[{"id":434,"href":"https:\/\/senperen-jauregi.eus\/index.php\/wp-json\/wp\/v2\/pages\/417\/revisions\/434"}],"wp:attachment":[{"href":"https:\/\/senperen-jauregi.eus\/index.php\/wp-json\/wp\/v2\/media?parent=417"}],"curies":[{"name":"wp","href":"https:\/\/api.w.org\/{rel}","templated":true}]}}